{"id":1047,"date":"2012-09-27T02:47:03","date_gmt":"2012-09-27T02:47:03","guid":{"rendered":"https:\/\/www.erudio.com.br\/blog\/?page_id=1"},"modified":"2018-03-14T21:27:21","modified_gmt":"2018-03-15T00:27:21","slug":"sobre-mim","status":"publish","type":"page","link":"https:\/\/www.erudio.com.br\/blog\/sobre-mim\/","title":{"rendered":"Sobre"},"content":{"rendered":"<p>Ol\u00e1 a todos meu nome \u00e9 Leandro da Costa Gon\u00e7alves sou desenvolvedor Java, al\u00e9m de programar gosto de um bom e velho Rock&#8217;n Roll (minha m\u00e3e diz que \u00e9 incomodar os vizinhos), hist\u00f3ria, fic\u00e7\u00e3o cient\u00edfica e de tecnologia.Neste blog eu pretendo compartilhar um pouco de conhecimento sobre desenvolvimento de software com as tecnologias Java. Como devem ter percebido faz um tempinho que n\u00e3o posto nada isso se deve ao fato de eu estar preparando uma s\u00e9rie de video aulas sobre JSF com Hibernate e outras coisinhas interessantes.<\/p>\n","protected":false},"excerpt":{"rendered":"<p>Ol\u00e1 a todos meu nome \u00e9 Leandro da Costa Gon\u00e7alves sou desenvolvedor Java, al\u00e9m de programar gosto de um bom e velho Rock&#8217;n Roll (minha m\u00e3e diz que \u00e9 incomodar os vizinhos), hist\u00f3ria, fic\u00e7\u00e3o cient\u00edfica e de tecnologia.Neste blog eu pretendo compartilhar um pouco de conhecimento sobre desenvolvimento de software com as tecnologias Java. Como [&hellip;]<\/p>\n","protected":false},"author":1,"featured_media":0,"parent":0,"menu_order":2,"comment_status":"open","ping_status":"open","template":"","meta":[],"_links":{"self":[{"href":"https:\/\/www.erudio.com.br\/blog\/wp-json\/wp\/v2\/pages\/1047"}],"collection":[{"href":"https:\/\/www.erudio.com.br\/blog\/wp-json\/wp\/v2\/pages"}],"about":[{"href":"https:\/\/www.erudio.com.br\/blog\/wp-json\/wp\/v2\/types\/page"}],"author":[{"embeddable":true,"href":"https:\/\/www.erudio.com.br\/blog\/wp-json\/wp\/v2\/users\/1"}],"replies":[{"embeddable":true,"href":"https:\/\/www.erudio.com.br\/blog\/wp-json\/wp\/v2\/comments?post=1047"}],"version-history":[{"count":0,"href":"https:\/\/www.erudio.com.br\/blog\/wp-json\/wp\/v2\/pages\/1047\/revisions"}],"wp:attachment":[{"href":"https:\/\/www.erudio.com.br\/blog\/wp-json\/wp\/v2\/media?parent=1047"}],"curies":[{"name":"wp","href":"https:\/\/api.w.org\/{rel}","templated":true}]}}